{"id":297,"date":"2017-01-24T11:13:19","date_gmt":"2017-01-24T11:13:19","guid":{"rendered":"http:\/\/motors.stylemixthemes.com\/?page_id=297"},"modified":"2019-10-31T21:06:47","modified_gmt":"2019-10-31T21:06:47","slug":"service","status":"publish","type":"page","link":"https:\/\/aldjafay.com\/?page_id=297","title":{"rendered":"Services"},"content":{"rendered":"<section class=\"wpb-content-wrapper\"><p>[\/vc_row][vc_row el_class=\u00a0\u00bbstm-fullwidth-with-parallax\u00a0\u00bb css=\u00a0\u00bb.vc_custom_1485501915116{margin-bottom: 30px !important;padding-bottom: 51px !important;background-image: url(https:\/\/crc-niger.com\/aldjafay\/wp-content\/uploads\/2017\/01\/placeholder.gif?id=126) !important;}\u00a0\u00bb][vc_column][\/vc_column][\/vc_row][vc_row][vc_column][vc_custom_heading text=\u00a0\u00bbNos services\u00a0\u00bb font_container=\u00a0\u00bbtag:h2|font_size:30px|text_align:center|color:%23273f44|line_height:50px\u00a0\u00bb use_theme_fonts=\u00a0\u00bbyes\u00a0\u00bb css=\u00a0\u00bb.vc_custom_1572383351891{margin-bottom: 18px !important;}\u00a0\u00bb][vc_row_inner][vc_column_inner width=\u00a0\u00bb1\/4&Prime;][vc_single_image image=\u00a0\u00bb488&Prime; img_size=\u00a0\u00bbfull\u00a0\u00bb][vc_custom_heading text=\u00a0\u00bbLocation de v\u00e9hicules\u00a0\u00bb font_container=\u00a0\u00bbtag:h3|text_align:center\u00a0\u00bb][\/vc_column_inner][vc_column_inner width=\u00a0\u00bb1\/4&Prime;][vc_images_carousel images=\u00a0\u00bb483&Prime; img_size=\u00a0\u00bbfull\u00a0\u00bb][vc_custom_heading text=\u00a0\u00bbLocation d&rsquo;engins BTP\u00a0\u00bb font_container=\u00a0\u00bbtag:h3|text_align:center\u00a0\u00bb][\/vc_column_inner][vc_column_inner width=\u00a0\u00bb1\/4&Prime;][vc_images_carousel images=\u00a0\u00bb498&Prime; img_size=\u00a0\u00bbfull\u00a0\u00bb][vc_empty_space][vc_custom_heading text=\u00a0\u00bbvente de pi\u00e8ces d\u00e9tach\u00e9es auto\u00a0\u00bb font_container=\u00a0\u00bbtag:h3|text_align:center\u00a0\u00bb][\/vc_column_inner][vc_column_inner width=\u00a0\u00bb1\/4&Prime;][vc_single_image image=\u00a0\u00bb501&Prime; img_size=\u00a0\u00bbfull\u00a0\u00bb][vc_custom_heading text=\u00a0\u00bbvente de mat\u00e9riel informatique\u00a0\u00bb font_container=\u00a0\u00bbtag:h3|text_align:center\u00a0\u00bb][\/vc_column_inner][\/vc_row_inner][\/vc_column][\/vc_row][vc_row<\/p>\n<\/section>","protected":false},"excerpt":{"rendered":"<p>[\/vc_row][vc_row el_class=\u00a0\u00bbstm-fullwidth-with-parallax\u00a0\u00bb css=\u00a0\u00bb.vc_custom_1485501915116{margin-bottom: 30px !important;padding-bottom: 51px !important;background-image: url(https:\/\/crc-niger.com\/aldjafay\/wp-content\/uploads\/2017\/01\/placeholder.gif?id=126) !important;}\u00a0\u00bb][vc_column][\/vc_column][\/vc_row][vc_row][vc_column][vc_custom_heading text=\u00a0\u00bbNos services\u00a0\u00bb font_container=\u00a0\u00bbtag:h2|font_size:30px|text_align:center|color:%23273f44|line_height:50px\u00a0\u00bb use_theme_fonts=\u00a0\u00bbyes\u00a0\u00bb css=\u00a0\u00bb.vc_custom_1572383351891{margin-bottom: 18px !important;}\u00a0\u00bb][vc_row_inner][vc_column_inner width=\u00a0\u00bb1\/4&Prime;][vc_single_image image=\u00a0\u00bb488&Prime; img_size=\u00a0\u00bbfull\u00a0\u00bb][vc_custom_heading text=\u00a0\u00bbLocation de v\u00e9hicules\u00a0\u00bb font_container=\u00a0\u00bbtag:h3|text_align:center\u00a0\u00bb][\/vc_column_inner][vc_column_inner width=\u00a0\u00bb1\/4&Prime;][vc_images_carousel images=\u00a0\u00bb483&Prime; img_size=\u00a0\u00bbfull\u00a0\u00bb][vc_custom_heading text=\u00a0\u00bbLocation d&rsquo;engins BTP\u00a0\u00bb font_container=\u00a0\u00bbtag:h3|text_align:center\u00a0\u00bb][\/vc_column_inner][vc_column_inner width=\u00a0\u00bb1\/4&Prime;][vc_images_carousel images=\u00a0\u00bb498&Prime; img_size=\u00a0\u00bbfull\u00a0\u00bb][vc_empty_space][vc_custom_heading text=\u00a0\u00bbvente de pi\u00e8ces d\u00e9tach\u00e9es auto\u00a0\u00bb font_container=\u00a0\u00bbtag:h3|text_align:center\u00a0\u00bb][\/vc_column_inner][vc_column_inner width=\u00a0\u00bb1\/4&Prime;][vc_single_image image=\u00a0\u00bb501&Prime; img_size=\u00a0\u00bbfull\u00a0\u00bb][vc_custom_heading text=\u00a0\u00bbvente de mat\u00e9riel informatique\u00a0\u00bb font_container=\u00a0\u00bbtag:h3|text_align:center\u00a0\u00bb][\/vc_column_inner][\/vc_row_inner][\/vc_column][\/vc_row][vc_row<\/p>\n","protected":false},"author":1,"featured_media":0,"parent":0,"menu_order":0,"comment_status":"closed","ping_status":"closed","template":"","meta":{"footnotes":""},"_links":{"self":[{"href":"https:\/\/aldjafay.com\/index.php?rest_route=\/wp\/v2\/pages\/297"}],"collection":[{"href":"https:\/\/aldjafay.com\/index.php?rest_route=\/wp\/v2\/pages"}],"about":[{"href":"https:\/\/aldjafay.com\/index.php?rest_route=\/wp\/v2\/types\/page"}],"author":[{"embeddable":true,"href":"https:\/\/aldjafay.com\/index.php?rest_route=\/wp\/v2\/users\/1"}],"replies":[{"embeddable":true,"href":"https:\/\/aldjafay.com\/index.php?rest_route=%2Fwp%2Fv2%2Fcomments&post=297"}],"version-history":[{"count":3,"href":"https:\/\/aldjafay.com\/index.php?rest_route=\/wp\/v2\/pages\/297\/revisions"}],"predecessor-version":[{"id":527,"href":"https:\/\/aldjafay.com\/index.php?rest_route=\/wp\/v2\/pages\/297\/revisions\/527"}],"wp:attachment":[{"href":"https:\/\/aldjafay.com\/index.php?rest_route=%2Fwp%2Fv2%2Fmedia&parent=297"}],"curies":[{"name":"wp","href":"https:\/\/api.w.org\/{rel}","templated":true}]}}