{"id":9,"date":"2017-01-03T10:14:32","date_gmt":"2017-01-03T10:14:32","guid":{"rendered":"http:\/\/motors.stylemixthemes.com\/?page_id=5"},"modified":"2021-09-28T23:39:57","modified_gmt":"2021-09-28T23:39:57","slug":"home-page-2","status":"publish","type":"page","link":"https:\/\/aldjafay.com\/","title":{"rendered":"Acceuil"},"content":{"rendered":"<section class=\"wpb-content-wrapper\"><p>[vc_row full_width=\u00a0\u00bbstretch_row_content_no_spaces\u00a0\u00bb full_height=\u00a0\u00bbyes\u00a0\u00bb columns_placement=\u00a0\u00bbstretch\u00a0\u00bb css_animation=\u00a0\u00bbflipInY\u00a0\u00bb css=\u00a0\u00bb.vc_custom_1598388712305{margin-bottom: 30px !important;padding-top: 36px !important;background: #e5e5e5 url(http:\/\/aldjafay.com\/wp-content\/uploads\/2019\/10\/SliderroyalTour1-1.jpg?id=496) !important;}\u00a0\u00bb][vc_column width=\u00a0\u00bb1\/2&Prime;][stm_text_baloon]<\/p>\n<h1><\/h1>\n<h1><span style=\"color: #ffffff;\">\u00a0Location de<br \/>\n<\/span><\/h1>\n<h2><span style=\"color: #ffffff;\">v\u00e9hicules<\/span><\/h2>\n<h4>Avec ou sans chauffeurs<\/h4>\n<p>[\/stm_text_baloon][\/vc_column][vc_column width=\u00a0\u00bb1\/2&Prime;][vc_empty_space height=\u00a0\u00bb79px\u00a0\u00bb][vc_empty_space height=\u00a0\u00bb79px\u00a0\u00bb][vc_btn title=\u00a0\u00bbR\u00e9servez votre voiture en ligne\u00a0\u00bb shape=\u00a0\u00bbsquare\u00a0\u00bb color=\u00a0\u00bbdanger\u00a0\u00bb size=\u00a0\u00bblg\u00a0\u00bb align=\u00a0\u00bbright\u00a0\u00bb i_align=\u00a0\u00bbright\u00a0\u00bb i_icon_fontawesome=\u00a0\u00bbstm-icon-oil\u00a0\u00bb css_animation=\u00a0\u00bbrotateIn\u00a0\u00bb add_icon=\u00a0\u00bbtrue\u00a0\u00bb link=\u00a0\u00bburl:https%3A%2F%2Faldjafay.com%2Freservation-en-ligne%2F|title:Reservation|target:%20_blank|\u00a0\u00bb][\/vc_column][\/vc_row][vc_row equal_height=\u00a0\u00bbyes\u00a0\u00bb css=\u00a0\u00bb.vc_custom_1572387777182{margin-bottom: 47px !important;}\u00a0\u00bb][vc_column][vc_custom_heading text=\u00a0\u00bbPourquoi nous choisir?\u00a0\u00bb font_container=\u00a0\u00bbtag:h2|font_size:30px|text_align:center|color:%23273f44|line_height:50px\u00a0\u00bb use_theme_fonts=\u00a0\u00bbyes\u00a0\u00bb css=\u00a0\u00bb.vc_custom_1572381665100{margin-bottom: 53px !important;}\u00a0\u00bb][\/vc_column][\/vc_row][vc_row el_class=\u00a0\u00bbstm-fullwidth-with-parallax\u00a0\u00bb css=\u00a0\u00bb.vc_custom_1485501915116{margin-bottom: 30px !important;padding-bottom: 51px !important;background-image: url(https:\/\/crc-niger.com\/aldjafay\/wp-content\/uploads\/2017\/01\/placeholder.gif?id=126) !important;}\u00a0\u00bb][vc_column][vc_row_inner][vc_column_inner width=\u00a0\u00bb1\/3&Prime;][stm_icon_box title_holder=\u00a0\u00bbh4&Prime; icon=\u00a0\u00bbstm-rental-thumbs_rent\u00a0\u00bb title=\u00a0\u00bbUne grande experience\u00a0\u00bb icon_bg_color=\u00a0\u00bb#db5b3b\u00a0\u00bb icon_color=\u00a0\u00bb#ffffff\u00a0\u00bb box_bg_color=\u00a0\u00bb#ffffff\u00a0\u00bb css=\u00a0\u00bb.vc_custom_1572382172261{padding-top: 0px !important;padding-right: 0px !important;padding-bottom: 0px !important;padding-left: 0px !important;}\u00a0\u00bb icon_size=\u00a0\u00bb31&Prime; box_text_color=\u00a0\u00bb#888888&Prime; box_text_color_hover=\u00a0\u00bb#6e6e6e\u00a0\u00bb line_height=\u00a0\u00bb20&Prime;]Expert depuis plus de 10 ans pour vous aider \u00e0 louer une voiture dans le monde entier.[\/stm_icon_box][\/vc_column_inner][vc_column_inner width=\u00a0\u00bb1\/3&Prime;][stm_icon_box title_holder=\u00a0\u00bbh4&Prime; icon=\u00a0\u00bbstm-rental-medal_rent\u00a0\u00bb title=\u00a0\u00bbAnnulation Gratuite\u00a0\u00bb icon_bg_color=\u00a0\u00bb#db5b3b\u00a0\u00bb icon_color=\u00a0\u00bb#ffffff\u00a0\u00bb box_bg_color=\u00a0\u00bb#ffffff\u00a0\u00bb css=\u00a0\u00bb.vc_custom_1572382262436{padding-top: 0px !important;padding-right: 0px !important;padding-bottom: 0px !important;padding-left: 0px !important;}\u00a0\u00bb icon_size=\u00a0\u00bb31&Prime; box_text_color=\u00a0\u00bb#888888&Prime; box_text_color_hover=\u00a0\u00bb#6e6e6e\u00a0\u00bb line_height=\u00a0\u00bb20&Prime;]Annulez sans frais jusqu&rsquo;\u00e0 24h avant la location.[\/stm_icon_box][\/vc_column_inner][vc_column_inner width=\u00a0\u00bb1\/3&Prime;][stm_icon_box title_holder=\u00a0\u00bbh4&Prime; icon=\u00a0\u00bbstm-rental-gps_rent\u00a0\u00bb title=\u00a0\u00bbExcellent service\u00a0\u00bb icon_bg_color=\u00a0\u00bb#d15638&Prime; icon_color=\u00a0\u00bb#ffffff\u00a0\u00bb box_bg_color=\u00a0\u00bb#ffffff\u00a0\u00bb css=\u00a0\u00bb.vc_custom_1572383170492{padding-top: 0px !important;padding-right: 0px !important;padding-bottom: 0px !important;padding-left: 0px !important;}\u00a0\u00bb icon_size=\u00a0\u00bb31&Prime; box_text_color=\u00a0\u00bb#888888&Prime; box_text_color_hover=\u00a0\u00bb#6e6e6e\u00a0\u00bb line_height=\u00a0\u00bb20&Prime;]Plus de 500 personnes ont donn\u00e9 un avis favorable \u00e0 nos services[\/stm_icon_box][\/vc_column_inner][\/vc_row_inner][\/vc_column][\/vc_row][vc_row][vc_column][vc_custom_heading text=\u00a0\u00bbNos services\u00a0\u00bb font_container=\u00a0\u00bbtag:h2|font_size:30px|text_align:center|color:%23273f44|line_height:50px\u00a0\u00bb use_theme_fonts=\u00a0\u00bbyes\u00a0\u00bb css=\u00a0\u00bb.vc_custom_1572383351891{margin-bottom: 18px !important;}\u00a0\u00bb][vc_row_inner][vc_column_inner width=\u00a0\u00bb1\/4&Prime;][vc_single_image image=\u00a0\u00bb488&Prime; img_size=\u00a0\u00bbfull\u00a0\u00bb][vc_custom_heading text=\u00a0\u00bbLocation de v\u00e9hicules\u00a0\u00bb font_container=\u00a0\u00bbtag:h3|text_align:center\u00a0\u00bb][\/vc_column_inner][vc_column_inner width=\u00a0\u00bb1\/4&Prime;][vc_images_carousel images=\u00a0\u00bb483&Prime; img_size=\u00a0\u00bbfull\u00a0\u00bb][vc_custom_heading text=\u00a0\u00bbLocation d&rsquo;engins BTP\u00a0\u00bb font_container=\u00a0\u00bbtag:h3|text_align:center\u00a0\u00bb][\/vc_column_inner][vc_column_inner width=\u00a0\u00bb1\/4&Prime;][vc_images_carousel images=\u00a0\u00bb498&Prime; img_size=\u00a0\u00bbfull\u00a0\u00bb][vc_empty_space][vc_custom_heading text=\u00a0\u00bbvente de pi\u00e8ces d\u00e9tach\u00e9es auto\u00a0\u00bb font_container=\u00a0\u00bbtag:h3|text_align:center\u00a0\u00bb][\/vc_column_inner][vc_column_inner width=\u00a0\u00bb1\/4&Prime;][vc_single_image image=\u00a0\u00bb501&Prime; img_size=\u00a0\u00bbfull\u00a0\u00bb][vc_custom_heading text=\u00a0\u00bbvente de mat\u00e9riel informatique\u00a0\u00bb font_container=\u00a0\u00bbtag:h3|text_align:center\u00a0\u00bb][\/vc_column_inner][\/vc_row_inner][\/vc_column][\/vc_row][vc_row full_width=\u00a0\u00bbstretch_row\u00a0\u00bb equal_height=\u00a0\u00bbyes\u00a0\u00bb css=\u00a0\u00bb.vc_custom_1483769770083{background-color: #273f44 !important;}\u00a0\u00bb][vc_column width=\u00a0\u00bb1\/2&Prime; css=\u00a0\u00bb.vc_custom_1484197311087{padding-top: 51px !important;padding-bottom: 77px !important;}\u00a0\u00bb][vc_custom_heading text=\u00a0\u00bbQui sommes nous ?\u00a0\u00bb font_container=\u00a0\u00bbtag:h3|font_size:30px|text_align:left|color:%23ffffff|line_height:30px\u00a0\u00bb use_theme_fonts=\u00a0\u00bbyes\u00a0\u00bb css=\u00a0\u00bb.vc_custom_1572548997341{margin-bottom: 38px !important;}\u00a0\u00bb][vc_column_text el_class=\u00a0\u00bb#ffffff\u00a0\u00bb]<\/p>\n<div>Nous disposons d\u2019une flotte de plusieurs v\u00e9hicules de location et proposons une gamme compl\u00e8te de services : location de camion, voiture de tourisme, utilitaire, minibus, camion benne, engins BTP, vente de pi\u00e8ces d\u00e9tach\u00e9es, vente de mat\u00e9riel automatique.<\/div>\n<div><\/div>\n<div>Nous offrons un <strong>service de proximit\u00e9<\/strong> et la satisfaction des clients est notre premier objectif. Chaque jour nous r\u00e9pondons aux besoins de nos clients, que ce soit ceux qui souhaitent <strong>louer une voiture de tourisme<\/strong> pour un week-end, <strong>r\u00e9server un camion pour un d\u00e9m\u00e9nagement<\/strong>, ou pour les soci\u00e9t\u00e9s qui ont un besoin de v\u00e9hicules standards ou sp\u00e9cifiques.<\/div>\n<div>Pour vos besoin de transport pour un ou plusieurs jours , au Niger ou \u00e0 l\u2019\u00e9tranger, nous mettons \u00e0 votre disposition des v\u00e9hicules SUV, des pick -up Hylux ,v\u00e9hicules de poule, camions, engins , pi\u00e8ces auto , mat\u00e9riel informatique et aussi du BTP. Notre service est disponible H24.<\/div>\n<div><\/div>\n<p>[\/vc_column_text][vc_custom_heading text=\u00a0\u00bbNos distinctions\u00a0\u00bb font_container=\u00a0\u00bbtag:h3|font_size:30px|text_align:left|color:%23ffffff|line_height:30px\u00a0\u00bb use_theme_fonts=\u00a0\u00bbyes\u00a0\u00bb css=\u00a0\u00bb.vc_custom_1621986647701{margin-bottom: 38px !important;}\u00a0\u00bb][vc_images_carousel images=\u00a0\u00bb1098,1099,1100,1103,1104&Prime; img_size=\u00a0\u00bbfull\u00a0\u00bb autoplay=\u00a0\u00bbyes\u00a0\u00bb hide_pagination_control=\u00a0\u00bbyes\u00a0\u00bb hide_prev_next_buttons=\u00a0\u00bbyes\u00a0\u00bb wrap=\u00a0\u00bbyes\u00a0\u00bb][\/vc_column][vc_column width=\u00a0\u00bb1\/2&Prime; el_class=\u00a0\u00bbstm-stretch-image-right\u00a0\u00bb][vc_images_carousel images=\u00a0\u00bb488,485,537,587,586,585,584,583,582,580,579&Prime; img_size=\u00a0\u00bbfull\u00a0\u00bb autoplay=\u00a0\u00bbyes\u00a0\u00bb hide_pagination_control=\u00a0\u00bbyes\u00a0\u00bb hide_prev_next_buttons=\u00a0\u00bbyes\u00a0\u00bb wrap=\u00a0\u00bbyes\u00a0\u00bb][\/vc_column][\/vc_row][vc_row full_width=\u00a0\u00bbstretch_row\u00a0\u00bb css=\u00a0\u00bb.vc_custom_1572385985027{background-color: #dd463b !important;}\u00a0\u00bb][vc_column width=\u00a0\u00bb1\/2&Prime;][stm_carousel slides_per_row=\u00a0\u00bb5&Prime; images=\u00a0\u00bb514,493,494,492,491,490,489,488,485,483,481,579,580,581,582,583,584,585,586,587&Prime;][\/vc_column][vc_column width=\u00a0\u00bb1\/2&Prime;][stm_call_to_action_2 cta_icon=\u00a0\u00bbfa fa-envelope-o\u00a0\u00bb call_to_action_icon=\u00a0\u00bbstm-icon-car\u00a0\u00bb call_to_action_icon_right=\u00a0\u00bbstm-icon-phone2&Prime; call_to_action_color=\u00a0\u00bb#dd463b\u00a0\u00bb call_to_action_text_color=\u00a0\u00bb#ffffff\u00a0\u00bb call_to_action_label_right=\u00a0\u00bb+227 97 01 18 18&Prime; css=\u00a0\u00bb.vc_custom_1572386117269{padding-right: 0px !important;padding-left: 0px !important;}\u00a0\u00bb link=\u00a0\u00bburl:http%3A%2F%2Fmotorswp.stm%2Fcar-rental-service%2Fcontact-us%2F|title:Feedback||\u00a0\u00bb][\/vc_column][\/vc_row][vc_row full_width=\u00a0\u00bbstretch_row_content_no_spaces\u00a0\u00bb][vc_column][vc_custom_heading text=\u00a0\u00bbLocalisation\u00a0\u00bb font_container=\u00a0\u00bbtag:h2|text_align:center\u00a0\u00bb][vc_gmaps link=\u00a0\u00bb#E-8_JTNDaWZyYW1lJTIwc3JjJTNEJTIyaHR0cHMlM0ElMkYlMkZ3d3cuZ29vZ2xlLmNvbSUyRm1hcHMlMkZlbWJlZCUzRnBiJTNEJTIxMW0xOCUyMTFtMTIlMjExbTMlMjExZDM4NzguOTExNzQ1MjkyODc0JTIxMmQyLjE0MDE1NjMxNDIzNzk4ODclMjEzZDEzLjU0MTAwNTIwNTc5Mjk1OCUyMTJtMyUyMTFmMCUyMTJmMCUyMTNmMCUyMTNtMiUyMTFpMTAyNCUyMTJpNzY4JTIxNGYxMy4xJTIxM20zJTIxMW0yJTIxMXMweDAlMjUzQTB4MCUyMTJ6TVRQQ3NETXlKekkzTGpZaVRpQXl3ckF3T0Njek1pNDBJa1UlMjE1ZTAlMjEzbTIlMjExc2ZyJTIxMnNuZSUyMTR2MTYzMjg3MTk1ODY1OCUyMTVtMiUyMTFzZnIlMjEyc25lJTIyJTIwd2lkdGglM0QlMjI2MDAlMjIlMjBoZWlnaHQlM0QlMjI0NTAlMjIlMjBzdHlsZSUzRCUyMmJvcmRlciUzQTAlM0IlMjIlMjBhbGxvd2Z1bGxzY3JlZW4lM0QlMjIlMjIlMjBsb2FkaW5nJTNEJTIybGF6eSUyMiUzRSUzQyUyRmlmcmFtZSUzRQ==\u00a0\u00bb][\/vc_column][\/vc_row][vc_row][vc_column][\/vc_column][\/vc_row]<\/p>\n<\/section>","protected":false},"excerpt":{"rendered":"<p>[vc_row full_width=\u00a0\u00bbstretch_row_content_no_spaces\u00a0\u00bb full_height=\u00a0\u00bbyes\u00a0\u00bb columns_placement=\u00a0\u00bbstretch\u00a0\u00bb css_animation=\u00a0\u00bbflipInY\u00a0\u00bb css=\u00a0\u00bb.vc_custom_1598388712305{margin-bottom: 30px !important;padding-top: 36px !important;background: #e5e5e5 url(http:\/\/aldjafay.com\/wp-content\/uploads\/2019\/10\/SliderroyalTour1-1.jpg?id=496) !important;}\u00a0\u00bb][vc_column width=\u00a0\u00bb1\/2&Prime;][stm_text_baloon] \u00a0Location de v\u00e9hicules Avec ou sans chauffeurs [\/stm_text_baloon][\/vc_column][vc_column width=\u00a0\u00bb1\/2&Prime;][vc_empty_space height=\u00a0\u00bb79px\u00a0\u00bb][vc_empty_space height=\u00a0\u00bb79px\u00a0\u00bb][vc_btn title=\u00a0\u00bbR\u00e9servez votre voiture en ligne\u00a0\u00bb shape=\u00a0\u00bbsquare\u00a0\u00bb color=\u00a0\u00bbdanger\u00a0\u00bb size=\u00a0\u00bblg\u00a0\u00bb align=\u00a0\u00bbright\u00a0\u00bb i_align=\u00a0\u00bbright\u00a0\u00bb i_icon_fontawesome=\u00a0\u00bbstm-icon-oil\u00a0\u00bb css_animation=\u00a0\u00bbrotateIn\u00a0\u00bb add_icon=\u00a0\u00bbtrue\u00a0\u00bb link=\u00a0\u00bburl:https%3A%2F%2Faldjafay.com%2Freservation-en-ligne%2F|title:Reservation|target:%20_blank|\u00a0\u00bb][\/vc_column][\/vc_row][vc_row equal_height=\u00a0\u00bbyes\u00a0\u00bb css=\u00a0\u00bb.vc_custom_1572387777182{margin-bottom: 47px !important;}\u00a0\u00bb][vc_column][vc_custom_heading text=\u00a0\u00bbPourquoi nous choisir?\u00a0\u00bb font_container=\u00a0\u00bbtag:h2|font_size:30px|text_align:center|color:%23273f44|line_height:50px\u00a0\u00bb use_theme_fonts=\u00a0\u00bbyes\u00a0\u00bb css=\u00a0\u00bb.vc_custom_1572381665100{margin-bottom: 53px !important;}\u00a0\u00bb][\/vc_column][\/vc_row][vc_row el_class=\u00a0\u00bbstm-fullwidth-with-parallax\u00a0\u00bb css=\u00a0\u00bb.vc_custom_1485501915116{margin-bottom: 30px !important;padding-bottom:&#8230;<\/p>\n","protected":false},"author":1,"featured_media":0,"parent":0,"menu_order":0,"comment_status":"closed","ping_status":"closed","template":"","meta":{"footnotes":""},"_links":{"self":[{"href":"https:\/\/aldjafay.com\/index.php?rest_route=\/wp\/v2\/pages\/9"}],"collection":[{"href":"https:\/\/aldjafay.com\/index.php?rest_route=\/wp\/v2\/pages"}],"about":[{"href":"https:\/\/aldjafay.com\/index.php?rest_route=\/wp\/v2\/types\/page"}],"author":[{"embeddable":true,"href":"https:\/\/aldjafay.com\/index.php?rest_route=\/wp\/v2\/users\/1"}],"replies":[{"embeddable":true,"href":"https:\/\/aldjafay.com\/index.php?rest_route=%2Fwp%2Fv2%2Fcomments&post=9"}],"version-history":[{"count":38,"href":"https:\/\/aldjafay.com\/index.php?rest_route=\/wp\/v2\/pages\/9\/revisions"}],"predecessor-version":[{"id":1107,"href":"https:\/\/aldjafay.com\/index.php?rest_route=\/wp\/v2\/pages\/9\/revisions\/1107"}],"wp:attachment":[{"href":"https:\/\/aldjafay.com\/index.php?rest_route=%2Fwp%2Fv2%2Fmedia&parent=9"}],"curies":[{"name":"wp","href":"https:\/\/api.w.org\/{rel}","templated":true}]}}